{"id":18,"date":"2018-05-03T11:30:28","date_gmt":"2018-05-03T09:30:28","guid":{"rendered":"http:\/\/www.schlosspfaffenschlag.at\/?page_id=18"},"modified":"2021-04-28T08:29:24","modified_gmt":"2021-04-28T06:29:24","slug":"geschichte","status":"publish","type":"page","link":"https:\/\/www.schlosspfaffenschlag.at\/?page_id=18","title":{"rendered":"Geschichte"},"content":{"rendered":"\n<p><span style=\"color: #000000;\">Seit dem 14. Jhdt. waren die Puchheim auf Heidenreichstein bzw. ihre Besitznachfolger als Inhaber der Ortsobrigkeit von Pfaffenschlag nachweisbar. Der im Ort befindliche Freihof wurde von diesen zu Lehen vergeben mit folgenden nachweisbaren Besitzern*:<\/span><\/p>\n\n\n\n<ul><li><span style=\"color: #000000;\">Hansein (Hensel) von Phaffenslag (1397)<\/span><\/li><li><span style=\"color: #000000;\">ritterliche Familie Schweinpeck &#8211; des Schweinpecken Hof zu Phaffenschlag, 15. Jhdt.<\/span><\/li><li><span style=\"color: #000000;\">&#8222;der edle und veste Lienhart Nagler zu Phaffenschlag&#8220;, Pfleger zu Heidenreichstein (1491)<\/span><\/li><li><span style=\"color: #000000;\">Florian Lasperger (1533)<\/span><\/li><li><span style=\"color: #000000;\">Ferdinand Hertzenkraft (1624)<\/span><\/li><li><span style=\"color: #000000;\">Otto Rudolf Wolli (1639)<\/span><\/li><li><span style=\"color: #000000;\">Ludwig Maximilian von Gr\u00fcnersberg (1697-1708)<\/span><\/li><li><span style=\"color: #000000;\">Joseph Franz von Mathiasapthy (1718)<\/span><\/li><li><span style=\"color: #000000;\">von der Herrschaft (Grafen Palffy) schlossartig ausgebaut und bewirtschaftet -&#8222;Edelsitz und Freihof am Himmel Thor&#8220; (1720)<\/span><\/li><li><span style=\"color: #000000;\">von der Herrschaft &#8222;zerst\u00fcckelt&#8220; und versteigert (1787)<\/span><\/li><li><span style=\"color: #000000;\">Familie Annerl (1802 &#8211; 1999)<\/span><\/li><li><span style=\"color: #000000;\">Familie Glawischnig (ab 1999)<\/span><\/li><\/ul>\n\n\n\n<p><span style=\"color: #000000;\">* Quelle: Historisch-Topographisches Lexikon von Nieder\u00f6sterreich, Band 1, Wien 1988.<\/span><\/p>\n\n\n\n<p><span style=\"color: #000000;\">Vom Edelsitz Himmelthor aus werden noch im 18. Jhdt. Herrschaftsrechte ausge\u00fcbt, wie weitere Dokumente \u00fcberliefern:<\/span><\/p>\n\n\n\n<style>    #bwg_container1_0 #bwg_container2_0 .bwg_standart_thumbnails_0 * {      -moz-box-sizing: border-box;      box-sizing: border-box;    }    #bwg_container1_0 #bwg_container2_0 .bwg_standart_thumb_spun1_0 {      -moz-box-sizing: content-box;      box-sizing: content-box;      background-color: #FFFFFF;      display: inline-block;      height: 140px;      width: 250px;      margin: 2px;      padding: 0px;      opacity: 1.00;      filter: Alpha(opacity=100);      text-align: center;      vertical-align: middle;      transition: all 0.3s ease 0s;-webkit-transition: all 0.3s ease 0s;      z-index: 100;    }    #bwg_container1_0 #bwg_container2_0 .bwg_standart_thumb_spun1_0:hover {      backface-visibility: hidden;      -webkit-backface-visibility: hidden;      -moz-backface-visibility: hidden;      -ms-backface-visibility: hidden;      opacity: 1;      filter: Alpha(opacity=100);      z-index: 102;      position: relative;    }    @media only screen and (min-width: 480px) {      #bwg_container1_0 #bwg_container2_0 .bwg_standart_thumb_spun1_0:hover {        -ms-transform: scale(1.08);        -webkit-transform: scale(1.08);        transform: scale(1.08);      }    }    #bwg_container1_0 #bwg_container2_0 .bwg_standart_thumb_spun2_0 {      border: 0px none #CCCCCC;      border-radius: 0;      box-shadow: ;      display: inline-block;      height: 140px;      overflow: hidden;      width: 250px;    }    #bwg_container1_0 #bwg_container2_0 .bwg_standart_thumbnails_0 {      background-color: rgba(255, 255, 255, 0.00);      display: inline-block;      font-size: 0;      max-width: 1290px;      text-align: center;    }    #bwg_container1_0 #bwg_container2_0 .bwg_standart_thumb_0 {      display: inline-block;      text-align: center;    }          #bwg_container1_0 #bwg_container2_0 .bwg_title_spun1_0 {        display: block;        margin: 0 auto;        opacity: 1;        filter: Alpha(opacity=100);        text-align: center;        width: 250px;      }          #bwg_container1_0 #bwg_container2_0 .bwg_standart_thumb_spun1_0:hover .bwg_title_spun1_0 ,  #bwg_container1_0 #bwg_container2_0 .bwg_standart_thumb_spun1_0:hover .bwg_ecommerce_spun1_0{      left: 0px;      top: 0px;      opacity: 1;      filter: Alpha(opacity=100);    }    #bwg_container1_0 #bwg_container2_0 .bwg_title_spun2_0, #bwg_container1_0 #bwg_container2_0 .bwg_ecommerce_spun2_0 {      color: #CCCCCC;      display: table-cell;      font-family: Ubuntu;      font-size: 16px;      font-weight: bold;      height: inherit;      padding: 2px;      text-shadow: 0px 0px 0px #888888;      vertical-align: middle;      width: inherit;      word-wrap: break-word;    }    \/*pagination styles*\/    #bwg_container1_0 #bwg_container2_0 .tablenav-pages_0 {      text-align: center;      font-size: 12px;      font-family: segoe ui;      font-weight: bold;      color: #666666;      margin: 6px 0 4px;      display: block;      height: 30px;      line-height: 30px;    }    @media only screen and (max-width : 320px) {      #bwg_container1_0 #bwg_container2_0 .displaying-num_0 {        display: none;      }    }    #bwg_container1_0 #bwg_container2_0 .displaying-num_0 {      font-size: 12px;      font-family: segoe ui;      font-weight: bold;      color: #666666;      margin-right: 10px;      vertical-align: middle;    }    #bwg_container1_0 #bwg_container2_0 .paging-input_0 {      font-size: 12px;      font-family: segoe ui;      font-weight: bold;      color: #666666;      vertical-align: middle;    }    #bwg_container1_0 #bwg_container2_0 .tablenav-pages_0 a.disabled,    #bwg_container1_0 #bwg_container2_0 .tablenav-pages_0 a.disabled:hover,    #bwg_container1_0 #bwg_container2_0 .tablenav-pages_0 a.disabled:focus {      cursor: default;      color: rgba(102, 102, 102, 0.5);    }    #bwg_container1_0 #bwg_container2_0 .tablenav-pages_0 a {      cursor: pointer;      font-size: 12px;      font-family: segoe ui;      font-weight: bold;      color: #666666;      text-decoration: none;      padding: 3px 6px;      margin: 0;      border-radius: 0;      border-style: solid;      border-width: 1px;      border-color: #E3E3E3;      background-color: #FFFFFF;      opacity: 1.00;      filter: Alpha(opacity=100);      box-shadow: 0;      transition: all 0.3s ease 0s;-webkit-transition: all 0.3s ease 0s;    }    #bwg_container1_0 #bwg_container2_0 .bwg_back_0 {      background-color: rgba(0, 0, 0, 0);      color: #000000 !important;      cursor: pointer;      display: block;      font-family: segoe ui;      font-size: 16px;      font-weight: bold;      text-decoration: none;      padding: 0;    }    #bwg_container1_0 #bwg_container2_0 #spider_popup_overlay_0 {      background-color: #EEEEEE;      opacity: 0.60;      filter: Alpha(opacity=60);    }   .bwg_play_icon_spun_0 {      width: inherit;      height: inherit;      display: table;      position: absolute;    }   .bwg_play_icon_0 {      color: #CCCCCC;      font-size: 32px;      vertical-align: middle;      display: table-cell !important;      z-index: 1;      text-align: center;      margin: 0 auto;    }    #bwg_container1_0 #bwg_container2_0 .bwg_gal_title_0 {      background-color: rgba(0, 0, 0, 0);      color: #CCCCCC;      display: block;      font-family: segoe ui;      font-size: 16px;      font-weight: bold;      padding: 2px;      text-shadow: 0px 0px 0px #888888;      text-align: center;    }\t@media screen and (max-width: 350px) { \t\tdiv[class^=\"bwg_standart_thumbnails_\"],\t\tspan[class^=\"bwg_standart_thumb_\"],\t\timg[class^=\"bwg_standart_thumb_img_\"],\t\tspan[class^=\"bwg_title_spun1_\"] {\t\t\twidth: 100% !important;\t\t\theight: auto !important;\t\t}\t\timg[class^=\"bwg_standart_thumb_img_\"] {\t\t\tmargin:0px auto !important;\t\t}\t}    <\/style>    <div id=\"bwg_container1_0\">      <div id=\"bwg_container2_0\">        <form id=\"gal_front_form_0\" method=\"post\" action=\"#\" data-current=\"0\">                    <div style=\"background-color:rgba(0, 0, 0, 0); text-align: center; width:100%; position: relative;\">            <div id=\"ajax_loading_0\" style=\"position:absolute;width: 100%; z-index: 115; text-align: center; height: 100%; vertical-align: middle; display:none;\">              <div style=\"display: table; vertical-align: middle; width: 100%; height: 100%; background-color: #FFFFFF; opacity: 0.7; filter: Alpha(opacity=70);\">                <div style=\"display: table-cell; text-align: center; position: relative; vertical-align: middle;\" >                  <div id=\"loading_div_0\" class=\"bwg_spider_ajax_loading\" style=\"display: inline-block; text-align:center; position:relative; vertical-align:middle; background-image:url(https:\/\/www.schlosspfaffenschlag.at\/wp-content\/plugins\/photo-gallery\/images\/ajax_loader.gif); float: none; width:30px;height:30px;background-size:30px 30px;\">                  <\/div>                <\/div>              <\/div>            <\/div>                        <div id=\"bwg_standart_thumbnails_0\" class=\"bwg_standart_thumbnails_0\">                              <a  class=\"bwg_lightbox_0\" href=\"https:\/\/www.schlosspfaffenschlag.at\/wp-content\/uploads\/photo-gallery\/Hertzenkraft1.jpg?bwg=0\" data-image-id=\"26\">                  <span class=\"bwg_standart_thumb_0\">                                        <span class=\"bwg_standart_thumb_spun1_0\" >                      <span class=\"bwg_standart_thumb_spun2_0\">                                                <img class=\"bwg_standart_thumb_img_0\" style=\"max-height: none !important;  max-width: none !important; padding: 0 !important; width:250px; height:324.67532467532px; margin-left: 0px; margin-top: -92.337662337662px;\" id=\"26\" src=\"https:\/\/www.schlosspfaffenschlag.at\/wp-content\/uploads\/photo-gallery\/thumb\/Hertzenkraft1.jpg?bwg=0\" alt=\"\" \/>                        <\/span>                    <\/span>                                          <span class=\"bwg_title_spun1_0\">                        <span class=\"bwg_title_spun2_0\">                                                  <\/span>                      <\/span>                                      <a  class=\"bwg_lightbox_0\" href=\"https:\/\/www.schlosspfaffenschlag.at\/wp-content\/uploads\/photo-gallery\/Grundbuch_Edelsitz_0_0.jpg?bwg=0\" data-image-id=\"28\">                  <span class=\"bwg_standart_thumb_0\">                                        <span class=\"bwg_standart_thumb_spun1_0\" >                      <span class=\"bwg_standart_thumb_spun2_0\">                                                <img class=\"bwg_standart_thumb_img_0\" style=\"max-height: none !important;  max-width: none !important; padding: 0 !important; width:250px; height:333.33333333333px; margin-left: 0px; margin-top: -96.666666666667px;\" id=\"28\" src=\"https:\/\/www.schlosspfaffenschlag.at\/wp-content\/uploads\/photo-gallery\/thumb\/Grundbuch_Edelsitz_0_0.jpg?bwg=0\" alt=\"N\u00d6LA, HA Heidenreichstein 01\/03, Grundherrschaftliche B\u00fccher der Herrschaften Heidenreichstein und Wei\u00dfenbach: Grundbuch bei dem Edelsitz und Freihof Pfaffenschlag &quot;Himmelthor&quot;, Dat.\/Laufzeit: 1721-1778.\" \/>                        <\/span>                    <\/span>                                          <span class=\"bwg_title_spun1_0\">                        <span class=\"bwg_title_spun2_0\">                          N\u00d6LA, HA Heidenreichstein 01\/03, Grundherrschaftliche B\u00fccher der Herrschaften Heidenreichstein und Wei\u00dfenbach: Grundbuch bei dem Edelsitz und Freihof Pfaffenschlag &quot;Himmelthor&quot;, Dat.\/Laufzeit: 1721-1778.                        <\/span>                      <\/span>                                      <a  class=\"bwg_lightbox_0\" href=\"https:\/\/www.schlosspfaffenschlag.at\/wp-content\/uploads\/photo-gallery\/edelsitz.jpg?bwg=0\" data-image-id=\"27\">                  <span class=\"bwg_standart_thumb_0\">                                        <span class=\"bwg_standart_thumb_spun1_0\" >                      <span class=\"bwg_standart_thumb_spun2_0\">                                                <img class=\"bwg_standart_thumb_img_0\" style=\"max-height: none !important;  max-width: none !important; padding: 0 !important; width:250px; height:333.33333333333px; margin-left: 0px; margin-top: -96.666666666667px;\" id=\"27\" src=\"https:\/\/www.schlosspfaffenschlag.at\/wp-content\/uploads\/photo-gallery\/thumb\/edelsitz.jpg?bwg=0\" alt=\"N\u00d6LA, HA Heidenreichstein 05\/05, Teichb\u00fcchel bei dem &quot;Himmel Thor&quot; Hof zu Pfaffenschlag Dat.\/Laufzeit: 1720 - 1758.\" \/>                        <\/span>                    <\/span>                                          <span class=\"bwg_title_spun1_0\">                        <span class=\"bwg_title_spun2_0\">                          N\u00d6LA, HA Heidenreichstein 05\/05, Teichb\u00fcchel bei dem &quot;Himmel Thor&quot; Hof zu Pfaffenschlag Dat.\/Laufzeit: 1720 - 1758.                        <\/span>                      <\/span>                                        <\/span>                <\/a>            <\/div>                <span class=\"bwg_nav_cont_0\">        <div class=\"tablenav-pages_0\">          <\/div>          <input type=\"hidden\" id=\"page_number_0\" name=\"page_number_0\" value=\"1\" \/>    <script type=\"text\/javascript\">      function spider_page_0(cur, x, y, load_more) {        if (typeof load_more == \"undefined\") {          var load_more = false;        }        if (jQuery(cur).hasClass('disabled')) {          return false;        }        var items_county_0 = 1;        switch (y) {          case 1:            if (x >= items_county_0) {              document.getElementById('page_number_0').value = items_county_0;            }            else {              document.getElementById('page_number_0').value = x + 1;            }            break;          case 2:            document.getElementById('page_number_0').value = items_county_0;            break;          case -1:            if (x == 1) {              document.getElementById('page_number_0').value = 1;            }            else {              document.getElementById('page_number_0').value = x - 1;            }            break;          case -2:            document.getElementById('page_number_0').value = 1;            break;          default:            document.getElementById('page_number_0').value = 1;        }        spider_frontend_ajax('gal_front_form_0', '0', 'bwg_standart_thumbnails_0', '0', '', 'album', 0, '', '', load_more);      }      jQuery('.first-page-0').on('click', function() {        spider_page_0(this, 1, -2);      });      jQuery('.prev-page-0').on('click', function() {        spider_page_0(this, 1, -1);        return false;      });      jQuery('.next-page-0').on('click', function() {        spider_page_0(this, 1, 1);        return false;      });      jQuery('.last-page-0').on('click', function() {        spider_page_0(this, 1, 2);      });      jQuery('.bwg_load_btn_0').on('click', function() {        spider_page_0(this, 1, 1, true);        return false;      });    <\/script>    <\/span>              <\/div>        <\/form>        <div id=\"bwg_spider_popup_loading_0\" class=\"bwg_spider_popup_loading\"><\/div>        <div id=\"spider_popup_overlay_0\" class=\"spider_popup_overlay\" onclick=\"spider_destroypopup(1000)\"><\/div>      <\/div>    <\/div>  \t    <script>      function bwg_gallery_box_0(image_id, openEcommerce) {        if(typeof openEcommerce == undefined){          openEcommerce = false;        }        var ecommerce = openEcommerce == true ? \"&open_ecommerce=1\" : \"\";        var filterTags = jQuery(\"#bwg_tags_id_bwg_standart_thumbnails_0\" ).val() ? jQuery(\"#bwg_tags_id_bwg_standart_thumbnails_0\" ).val() : 0;        var filtersearchname = jQuery(\"#bwg_search_input_0\" ).val() ? \"&filter_search_name_0=\" + jQuery(\"#bwg_search_input_0\" ).val() : '';        spider_createpopup('https:\/\/www.schlosspfaffenschlag.at\/wp-admin\/admin-ajax.php?action=GalleryBox&tags=0&current_view=0&gallery_id=4&theme_id=1&thumb_width=250&thumb_height=140&open_with_fullscreen=1&open_with_autoplay=0&image_width=800&image_height=500&image_effect=fade&wd_sor=order&wd_ord=asc&enable_image_filmstrip=1&image_filmstrip_height=60&enable_image_ctrl_btn=1&enable_image_fullscreen=1&popup_enable_info=1&popup_info_always_show=0&popup_info_full_width=1&popup_hit_counter=0&popup_enable_rate=0&slideshow_interval=2.5&enable_comment_social=1&enable_image_facebook=1&enable_image_twitter=1&enable_image_google=1&enable_image_pinterest=0&enable_image_tumblr=0&watermark_type=none&slideshow_effect_duration=0.1&image_id=' + image_id + \"&filter_tag_0=\" +  filterTags + ecommerce + filtersearchname, '0', '800', '500', 1, 'testpopup', 5, \"bottom\");      }            function bwg_document_ready_0() {\t    var bwg_touch_flag = false;        jQuery(\".bwg_lightbox_0\").on(\"click\", function () {          if (!bwg_touch_flag) {            bwg_touch_flag = true;            setTimeout(function(){ bwg_touch_flag = false; }, 100);            bwg_gallery_box_0(jQuery(this).attr(\"data-image-id\"));            return false;          }        });        jQuery(\".bwg_lightbox_0 .bwg_ecommerce\").on(\"click\", function (event) {          event.stopPropagation();          if (!bwg_touch_flag) {            bwg_touch_flag = true;            setTimeout(function(){ bwg_touch_flag = false; }, 100);            var image_id = jQuery(this).closest(\".bwg_lightbox_0\").attr(\"data-image-id\");            bwg_gallery_box_0(image_id, true);            return false;          }        });              }\t\tjQuery(document).ready(function () {\t\t\tbwg_document_ready_0();\t\t});    <\/script>    \n\n\n\n<p><\/p>\n\n\n\n<p><\/p>\n\n\n\n<p><span style=\"color: #000000;\"><strong>Literaturvermerke:<\/strong><\/span><\/p>\n\n\n\n<p><span style=\"color: #000000;\">&#8222;1112 geh\u00f6rte das Gebiet zur Grafschaft Raabs, daneben erwarb das Stift St. Georgen hier Besitzungen. Die Obrigkeit stand der Herrschaft Heidenreichstein zu. Im XIV. Jh. erscheint das adelige Geschlecht der Pfaffenschlager, das vielleicht im Schloss, Haus Nr. 31 wohnte, das anfangs des XVIII. Jhs. den Beinamen \u201eam Himmeltor&#8220; f\u00fchrte und 1747 ver\u00e4u\u00dfert wurde.&#8220;<\/span><\/p>\n\n\n\n<p><span style=\"color: #000000;\">In: \u00d6sterreichische Kunst-Topographie, Kunsthistorisches Institut der K.K. Zentralkommission f\u00fcr Denkmalpflege. Band VI, Die Denkmale des politischen Bezirks Waidhofen a.d.Thaya, Wien 1911.<\/span><\/p>\n\n\n\n<p><span style=\"color: #000000;\">\u201e&#8230;von bemerkenswerten Geb\u00e4uden sind\u2026 das zu Pfaffenschlag stehende kleine Schloss zu erw\u00e4hnen\u2026,welches durch sein nettes Aussehen sich nun empfiehlt, und in fr\u00fcheren Zeiten ein herrschaftliches Schl\u00f6sschen war, das vermutlich dem ehemals hier bestandenen Freihofe, Himmel t h o r&nbsp; genannt, angeh\u00f6ren mochte. Die urspr\u00fcnglichen Besitzer dieses Freihofes sind uns nicht bekannt geworden, auch finden wir denselben nicht in dem st\u00e4ndischen G\u00fcltbuche, als ein selbstst\u00e4ndiges Gut einregistriert. Wie man glaubt, soll das schon l\u00e4ngst aufgelassene Dominikanerstift zu Eisgarn diesen Freihof gestiftet haben.\u201c<\/span><\/p>\n\n\n\n<p><span style=\"color: #000000;\">In:&nbsp;Darstellung des Erzherzogthums Oesterreich unter der Enns, Schweickhardt, 6. Band,1841.<\/span><\/p>\n\n\n\n<p><span style=\"color: #000000;\">&#8222;Aus dem Freihof wurde das einfache Schlo\u00df, das im 18. Jahrhundert errichtet wurde.&#8220;<\/span><\/p>\n\n\n\n<p><span style=\"color: #000000;\">In: Waldviertler Heimatbuch: Natur, Kunst und Kultur im erlebnisreich der \u00dcberraschungen, S. 585, von Adolf Kastner, Helmut Sauer. Edition Nordwald, Eigenverlag R. Leutgeb, 1994.<\/span><\/p>\n","protected":false},"excerpt":{"rendered":"<p>Seit dem 14. Jhdt. waren die Puchheim auf Heidenreichstein bzw. ihre Besitznachfolger als Inhaber der Ortsobrigkeit von Pfaffenschlag nachweisbar. Der im Ort befindliche Freihof wurde von diesen zu Lehen vergeben mit folgenden nachweisbaren Besitzern*: Hansein (Hensel) von Phaffenslag (1397) ritterliche Familie Schweinpeck &#8211; des Schweinpecken Hof zu Phaffenschlag, 15. Jhdt. &#8222;der edle und veste Lienhart<\/p>\n<footer class=\"entry-footer index-entry\">\n<div class=\"post-social pull-left\"><a href=\"https:\/\/www.facebook.com\/sharer\/sharer.php?u=https%3A%2F%2Fwww.schlosspfaffenschlag.at%2F%3Fpage_id%3D18\" target=\"_blank\" class=\"social-icons\"><i class=\"fa fa-facebook\" aria-hidden=\"true\"><\/i><\/a><a href=\"https:\/\/twitter.com\/home?status=https%3A%2F%2Fwww.schlosspfaffenschlag.at%2F%3Fpage_id%3D18\" target=\"_blank\" class=\"social-icons\"><i class=\"fa fa-twitter\" aria-hidden=\"true\"><\/i><\/a><a href=\"https:\/\/pinterest.com\/pin\/create\/button\/?url=https%3A%2F%2Fwww.schlosspfaffenschlag.at%2F%3Fpage_id%3D18&#038;media=https%3A%2F%2Fwww.schlosspfaffenschlag.at%2Fwp-content%2Fuploads%2F2018%2F05%2FGrundbuch_Edelsitz_0_0-e1619591340930.jpg\" target=\"_blank\" class=\"social-icons\"><i class=\"fa fa-pinterest-p\" aria-hidden=\"true\"><\/i><\/a><a href=\"https:\/\/www.linkedin.com\/shareArticle?mini=true&#038;url=https%3A%2F%2Fwww.schlosspfaffenschlag.at%2F%3Fpage_id%3D18&#038;title=Geschichte\" target=\"_blank\" class=\"social-icons\"><i class=\"fa fa-linkedin\" aria-hidden=\"true\"><\/i><\/a><\/div>\n<p class=\"link-more\"><a href=\"https:\/\/www.schlosspfaffenschlag.at\/?page_id=18\" class=\"more-link\">Continue reading <span class=\"meta-nav\">\u2192<\/span><\/a><\/p>\n<\/footer>\n","protected":false},"author":1,"featured_media":20,"parent":0,"menu_order":0,"comment_status":"closed","ping_status":"closed","template":"","meta":[],"_links":{"self":[{"href":"https:\/\/www.schlosspfaffenschlag.at\/index.php?rest_route=\/wp\/v2\/pages\/18"}],"collection":[{"href":"https:\/\/www.schlosspfaffenschlag.at\/index.php?rest_route=\/wp\/v2\/pages"}],"about":[{"href":"https:\/\/www.schlosspfaffenschlag.at\/index.php?rest_route=\/wp\/v2\/types\/page"}],"author":[{"embeddable":true,"href":"https:\/\/www.schlosspfaffenschlag.at\/index.php?rest_route=\/wp\/v2\/users\/1"}],"replies":[{"embeddable":true,"href":"https:\/\/www.schlosspfaffenschlag.at\/index.php?rest_route=%2Fwp%2Fv2%2Fcomments&post=18"}],"version-history":[{"count":7,"href":"https:\/\/www.schlosspfaffenschlag.at\/index.php?rest_route=\/wp\/v2\/pages\/18\/revisions"}],"predecessor-version":[{"id":103,"href":"https:\/\/www.schlosspfaffenschlag.at\/index.php?rest_route=\/wp\/v2\/pages\/18\/revisions\/103"}],"wp:featuredmedia":[{"embeddable":true,"href":"https:\/\/www.schlosspfaffenschlag.at\/index.php?rest_route=\/wp\/v2\/media\/20"}],"wp:attachment":[{"href":"https:\/\/www.schlosspfaffenschlag.at\/index.php?rest_route=%2Fwp%2Fv2%2Fmedia&parent=18"}],"curies":[{"name":"wp","href":"https:\/\/api.w.org\/{rel}","templated":true}]}}